{"id":13,"date":"2020-12-04T11:00:09","date_gmt":"2020-12-04T11:00:09","guid":{"rendered":"http:\/\/www.ethik.wien\/?page_id=13"},"modified":"2024-09-04T14:13:01","modified_gmt":"2024-09-04T14:13:01","slug":"ueber-uns","status":"publish","type":"page","link":"https:\/\/www.ethik.wien\/?page_id=13","title":{"rendered":"\u00dcber uns"},"content":{"rendered":"\n<p>Die ARGE- Ethik Wien sieht sich gleicherma\u00dfen als Anw\u00e4lt:in eines qualit\u00e4tvollen Ethikunterrichts als auch als Interessenvertretung der Ethiklehrenden, dies betrifft sowohl die Ausbildung als auch den Unterricht. Dabei haben wir sowohl auf die inhaltlichen als auch die formalen Aspekte einen kritischen Blick. Der kontinuierliche Kontakt mit den Kolleg:innen und den Schulbeh\u00f6rden ist daher notwendig und hilfreich.<\/p>\n\n\n\n<p>Seit dem Beginn des Schulversuchs vor fast 25 Jahren existiert die ARGE-Ethik Wien mit wechselndem Zuspruch und wurde vor allem durch das Engagement von Anita Kitzberger am Leben erhalten. Ein Highlight war die Teilnahme an einer parlamentarischen Enquete 2011 und einer Entschlie\u00dfung zur Einf\u00fchrung des Unterrichts \u2013 die Umsetzung dauerte allerdings 10 Jahre. Seit 2010 arbeiten wir innerhalb der Bundesarge-Ethik an der Zusammenf\u00fchrung der \u00f6sterreichweit \u00fcber 200 Schulversuche zu einem Unterrichtsfach und der Vereinheitlichung der Lehrpl\u00e4ne mit. <\/p>\n\n\n\n<p>Die Ausrollung von Ethik in der Sekundarstufe II erfolgte beginnend mit dem Schuljahr 2021\/22, Sekundarstufe I wird der n\u00e4chste Schritt.<\/p>\n\n\n\n<p class=\"has-text-align-right\"><\/p>\n\n\n\n<figure class=\"wp-block-image size-large\"><img decoding=\"async\" loading=\"lazy\" width=\"1024\" height=\"576\" src=\"https:\/\/www.ethik.wien\/wp-content\/uploads\/2023\/08\/ARGEEthik2-1024x576.jpg\" alt=\"\" class=\"wp-image-144\" srcset=\"https:\/\/www.ethik.wien\/wp-content\/uploads\/2023\/08\/ARGEEthik2-1024x576.jpg 1024w, https:\/\/www.ethik.wien\/wp-content\/uploads\/2023\/08\/ARGEEthik2-300x169.jpg 300w, https:\/\/www.ethik.wien\/wp-content\/uploads\/2023\/08\/ARGEEthik2-768x432.jpg 768w, https:\/\/www.ethik.wien\/wp-content\/uploads\/2023\/08\/ARGEEthik2-1536x864.jpg 1536w, https:\/\/www.ethik.wien\/wp-content\/uploads\/2023\/08\/ARGEEthik2-2048x1152.jpg 2048w\" sizes=\"(max-width: 1024px) 100vw, 1024px\" \/><\/figure>\n","protected":false},"excerpt":{"rendered":"<p>Die ARGE- Ethik Wien sieht sich gleicherma\u00dfen als Anw\u00e4lt:in eines qualit\u00e4tvollen Ethikunterrichts als auch als Interessenvertretung der Ethiklehrenden, dies betrifft sowohl die Ausbildung als auch den Unterricht. Dabei haben wir sowohl auf die inhaltlichen als auch die formalen Aspekte einen kritischen Blick. Der kontinuierliche Kontakt mit den Kolleg:innen und den Schulbeh\u00f6rden ist daher notwendig und &hellip;<\/p>\n<p class=\"read-more\"> <a class=\"\" href=\"https:\/\/www.ethik.wien\/?page_id=13\"> <span class=\"screen-reader-text\">\u00dcber uns<\/span> Weiterlesen &raquo;<\/a><\/p>\n","protected":false},"author":1,"featured_media":0,"parent":0,"menu_order":0,"comment_status":"closed","ping_status":"closed","template":"","meta":{"site-sidebar-layout":"default","site-content-layout":"default","ast-site-content-layout":"default","site-content-style":"default","site-sidebar-style":"default","ast-global-header-display":"","ast-banner-title-visibility":"","ast-main-header-display":"","ast-hfb-above-header-display":"","ast-hfb-below-header-display":"","ast-hfb-mobile-header-display":"","site-post-title":"","ast-breadcrumbs-content":"","ast-featured-img":"","footer-sml-layout":"","theme-transparent-header-meta":"default","adv-header-id-meta":"","stick-header-meta":"","header-above-stick-meta":"","header-main-stick-meta":"","header-below-stick-meta":"","astra-migrate-meta-layouts":"set","footnotes":""},"_links":{"self":[{"href":"https:\/\/www.ethik.wien\/index.php?rest_route=\/wp\/v2\/pages\/13"}],"collection":[{"href":"https:\/\/www.ethik.wien\/index.php?rest_route=\/wp\/v2\/pages"}],"about":[{"href":"https:\/\/www.ethik.wien\/index.php?rest_route=\/wp\/v2\/types\/page"}],"author":[{"embeddable":true,"href":"https:\/\/www.ethik.wien\/index.php?rest_route=\/wp\/v2\/users\/1"}],"replies":[{"embeddable":true,"href":"https:\/\/www.ethik.wien\/index.php?rest_route=%2Fwp%2Fv2%2Fcomments&post=13"}],"version-history":[{"count":8,"href":"https:\/\/www.ethik.wien\/index.php?rest_route=\/wp\/v2\/pages\/13\/revisions"}],"predecessor-version":[{"id":166,"href":"https:\/\/www.ethik.wien\/index.php?rest_route=\/wp\/v2\/pages\/13\/revisions\/166"}],"wp:attachment":[{"href":"https:\/\/www.ethik.wien\/index.php?rest_route=%2Fwp%2Fv2%2Fmedia&parent=13"}],"curies":[{"name":"wp","href":"https:\/\/api.w.org\/{rel}","templated":true}]}}