{"id":50,"date":"2020-12-04T11:37:38","date_gmt":"2020-12-04T11:37:38","guid":{"rendered":"http:\/\/www.ethik.wien\/?page_id=50"},"modified":"2023-08-17T06:08:12","modified_gmt":"2023-08-17T06:08:12","slug":"neuigkeiten","status":"publish","type":"page","link":"https:\/\/www.ethik.wien\/?page_id=50","title":{"rendered":"Aktuelles"},"content":{"rendered":"\n<p>Das Unterrichtsfach Ethik erfuhr im Schuljahr 2021\/21 eine radikale Verj\u00fcngungskur: Aus einem der \u00e4ltesten Schulversuche wurde das j\u00fcngste Regelfach, beginnend mit der 9. Schulstufe. Dieses sollte aus dem \u201eWerteinheitenverteilungskampf\u201c explizit herausgenommen werden, was auch entsprechend gesetzlich verankert wurde. Dass es trotzdem Anlaufschwierigkeiten gibt, scheint eher typisch f\u00fcr das \u00f6sterreichische Schulwesen, in dem Reformen und M\u00e4ngelverwaltung oft Hand in Hand gehen.<\/p>\n\n\n\n<p>Die Einf\u00fchrung des Ethikunterrichts in der Sekundarstufe I wird bereits im Schulversuch erprobt. Hier sollte unserer \u00dcberzeugung nach, durch die entsprechende Ausstattung des neuen Unterrichtsfachs, der dringenden Forderung eines Ethikunterrichts f\u00fcr alle nachgekommen werden.<\/p>\n\n\n\n<p>Wir kooperieren seit dem Schuljahr 2022\/23 mit der Universit\u00e4t Wien in puncto Mentor:innent\u00e4tigkeit Ethik und unterst\u00fctzen bei der Suche von Betreuungspersonen.<\/p>\n\n\n\n<figure class=\"wp-block-image size-large is-resized\"><img decoding=\"async\" loading=\"lazy\" src=\"https:\/\/www.ethik.wien\/wp-content\/uploads\/2023\/08\/ARGEEThik3-1024x576.jpg\" alt=\"\" class=\"wp-image-142\" style=\"width:1200px;height:576px\" width=\"1200\" height=\"576\"\/><\/figure>\n","protected":false},"excerpt":{"rendered":"<p>Das Unterrichtsfach Ethik erfuhr im Schuljahr 2021\/21 eine radikale Verj\u00fcngungskur: Aus einem der \u00e4ltesten Schulversuche wurde das j\u00fcngste Regelfach, beginnend mit der 9. Schulstufe. Dieses sollte aus dem \u201eWerteinheitenverteilungskampf\u201c explizit herausgenommen werden, was auch entsprechend gesetzlich verankert wurde. Dass es trotzdem Anlaufschwierigkeiten gibt, scheint eher typisch f\u00fcr das \u00f6sterreichische Schulwesen, in dem Reformen und M\u00e4ngelverwaltung &hellip;<\/p>\n<p class=\"read-more\"> <a class=\"\" href=\"https:\/\/www.ethik.wien\/?page_id=50\"> <span class=\"screen-reader-text\">Aktuelles<\/span> Weiterlesen &raquo;<\/a><\/p>\n","protected":false},"author":1,"featured_media":0,"parent":0,"menu_order":0,"comment_status":"closed","ping_status":"closed","template":"","meta":{"site-sidebar-layout":"default","site-content-layout":"default","ast-site-content-layout":"default","site-content-style":"default","site-sidebar-style":"default","ast-global-header-display":"","ast-banner-title-visibility":"","ast-main-header-display":"","ast-hfb-above-header-display":"","ast-hfb-below-header-display":"","ast-hfb-mobile-header-display":"","site-post-title":"","ast-breadcrumbs-content":"","ast-featured-img":"","footer-sml-layout":"","theme-transparent-header-meta":"default","adv-header-id-meta":"","stick-header-meta":"","header-above-stick-meta":"","header-main-stick-meta":"","header-below-stick-meta":"","astra-migrate-meta-layouts":"set","footnotes":""},"_links":{"self":[{"href":"https:\/\/www.ethik.wien\/index.php?rest_route=\/wp\/v2\/pages\/50"}],"collection":[{"href":"https:\/\/www.ethik.wien\/index.php?rest_route=\/wp\/v2\/pages"}],"about":[{"href":"https:\/\/www.ethik.wien\/index.php?rest_route=\/wp\/v2\/types\/page"}],"author":[{"embeddable":true,"href":"https:\/\/www.ethik.wien\/index.php?rest_route=\/wp\/v2\/users\/1"}],"replies":[{"embeddable":true,"href":"https:\/\/www.ethik.wien\/index.php?rest_route=%2Fwp%2Fv2%2Fcomments&post=50"}],"version-history":[{"count":7,"href":"https:\/\/www.ethik.wien\/index.php?rest_route=\/wp\/v2\/pages\/50\/revisions"}],"predecessor-version":[{"id":143,"href":"https:\/\/www.ethik.wien\/index.php?rest_route=\/wp\/v2\/pages\/50\/revisions\/143"}],"wp:attachment":[{"href":"https:\/\/www.ethik.wien\/index.php?rest_route=%2Fwp%2Fv2%2Fmedia&parent=50"}],"curies":[{"name":"wp","href":"https:\/\/api.w.org\/{rel}","templated":true}]}}